{"id":162,"date":"2025-07-28T19:26:39","date_gmt":"2025-07-28T19:26:39","guid":{"rendered":"https:\/\/useoffices.com.br\/politica-de-privacidade\/"},"modified":"2026-03-17T19:35:33","modified_gmt":"2026-03-17T19:35:33","slug":"politica-de-privacidade","status":"publish","type":"page","link":"https:\/\/useoffices.com.br\/novo\/politica-de-privacidade\/","title":{"rendered":"Pol\u00edtica de Privacidade"},"content":{"rendered":"\t\t<div data-elementor-type=\"wp-page\" data-elementor-id=\"162\" class=\"elementor elementor-162\" data-elementor-post-type=\"page\">\n\t\t\t\t<div class=\"elementor-element elementor-element-fs0fvopg twbb_section e-flex e-con-boxed wpr-particle-no wpr-jarallax-no wpr-parallax-no wpr-sticky-section-no wpr-column-slider-no wpr-equal-height-no e-con e-parent\" data-id=\"fs0fvopg\" data-element_type=\"container\" data-e-type=\"container\">\n\t\t\t\t\t<div class=\"e-con-inner\">\n\t\t\t\t<div class=\"elementor-element elementor-element-u8jiub8p elementor-widget__width-initial elementor-widget-mobile__width-inherit elementor-widget-tablet__width-initial elementor-invisible elementor-widget elementor-widget-heading\" data-id=\"u8jiub8p\" data-element_type=\"widget\" data-e-type=\"widget\" data-settings=\"{&quot;_animation&quot;:&quot;fadeInUp&quot;}\" data-widget_type=\"heading.default\">\n\t\t\t\t\t<h1 class=\"elementor-heading-title elementor-size-default\">Pol\u00edtica de Privacidade<\/h1>\t\t\t\t<\/div>\n\t\t\t\t\t<\/div>\n\t\t\t\t<\/div>\n\t\t<div class=\"elementor-element elementor-element-uai1t1u0 twbb_section e-flex e-con-boxed wpr-particle-no wpr-jarallax-no wpr-parallax-no wpr-sticky-section-no wpr-column-slider-no wpr-equal-height-no e-con e-parent\" data-id=\"uai1t1u0\" data-element_type=\"container\" data-e-type=\"container\">\n\t\t\t\t\t<div class=\"e-con-inner\">\n\t\t\t\t<div class=\"elementor-element elementor-element-35d7pew9 elementor-widget__width-initial elementor-widget-mobile__width-inherit elementor-widget-tablet__width-initial elementor-invisible elementor-widget elementor-widget-text-editor\" data-id=\"35d7pew9\" data-element_type=\"widget\" data-e-type=\"widget\" data-settings=\"{&quot;_animation&quot;:&quot;fadeInUp&quot;}\" data-widget_type=\"text-editor.default\">\n\t\t\t\t\t\t\t\t\t<h3>USE OFFICES COWORKING<br \/>CL\u00c1USULAS \u2013 LEI GERAL DE PROTE\u00c7\u00c3O DE DADOS (LGPD)<\/h3><p>\u00a0<\/p><h3>CL\u00c1USULA PRIMEIRA<\/h3><p>A CONTRATADA, por si, seu procurador e respectivos colaboradores, obrigam-se a atuar no presente contrato em conformidade com a legisla\u00e7\u00e3o vigente sobre prote\u00e7\u00e3o de dados pessoais e as determina\u00e7\u00f5es de \u00f3rg\u00e3os reguladores ou fiscalizadores sobre a mat\u00e9ria, em especial a Lei n\u00ba 13.709\/2018 (Lei Geral de Prote\u00e7\u00e3o de Dados \u2013 LGPD), al\u00e9m das demais normas e pol\u00edticas de prote\u00e7\u00e3o de dados aplic\u00e1veis.<\/p><p>\u00a0<\/p><h3>CL\u00c1USULA SEGUNDA<\/h3><p>O CLIENTE, quando aplic\u00e1vel, autoriza a coleta de dados pessoais imprescind\u00edveis \u00e0 execu\u00e7\u00e3o deste contrato, tendo sido informado quanto ao tratamento de dados que ser\u00e1 realizado pela CONTRATADA, nos termos da Lei n\u00ba 13.709\/2018, especificamente quanto a: (i) coleta de dados relacionados \u00e0 sua identifica\u00e7\u00e3o pessoal, bens e rendimentos, com o objetivo de garantir a fiel contrata\u00e7\u00e3o; e (ii) coleta de dados relacionados ao endere\u00e7o do CLIENTE, conforme a necessidade da CONTRATADA.<\/p><ul><li>Os dados coletados poder\u00e3o ser compartilhados com autoridades administrativas e judiciais, no \u00e2mbito de suas compet\u00eancias, com base no estrito cumprimento do dever legal, bem como com \u00f3rg\u00e3os de prote\u00e7\u00e3o ao cr\u00e9dito, a fim de garantir a adimpl\u00eancia do CLIENTE.<\/li><li>Os dados coletados com base no leg\u00edtimo interesse do CLIENTE, bem como para garantir a fiel execu\u00e7\u00e3o contratual pela CONTRATADA, fundamentam-se no artigo 7\u00ba da LGPD. As finalidades descritas nesta cl\u00e1usula n\u00e3o s\u00e3o exaustivas.<\/li><li>A CONTRATADA informa que todos os dados pessoais solicitados e coletados s\u00e3o estritamente necess\u00e1rios para os fins previstos neste contrato.<\/li><li>O CLIENTE autoriza o compartilhamento de seus dados, para os fins descritos nesta cl\u00e1usula, com terceiros legitimamente habilitados a defender os interesses da CONTRATADA e do CLIENTE.<\/li><\/ul><p>\u00a0<\/p><h3>CL\u00c1USULA TERCEIRA<\/h3><p>A CONTRATADA manter\u00e1 o acesso aos dados pessoais armazenados pelo per\u00edodo de 5 (cinco) anos, podendo o CLIENTE solicitar, a qualquer tempo, a exclus\u00e3o dos dados previamente coletados mediante consentimento.<\/p><ul><li>A exclus\u00e3o dos dados ser\u00e1 efetuada sem preju\u00edzo ao CLIENTE, observada a necessidade legal de guarda de documentos pelo prazo de 5 (cinco) anos contados do t\u00e9rmino do contrato, conforme legisla\u00e7\u00e3o civil. Caso o CLIENTE deseje revogar o consentimento relativo a determinado dado, dever\u00e1 formalizar declara\u00e7\u00e3o espec\u00edfica, ciente de que tal revoga\u00e7\u00e3o poder\u00e1 impactar na presta\u00e7\u00e3o dos servi\u00e7os.<\/li><li>O CLIENTE autoriza, neste ato, a guarda de c\u00f3pias de documentos que contenham dados pessoais, para cumprimento de obriga\u00e7\u00e3o legal, nos termos do artigo 16, inciso I, da LGPD.<\/li><\/ul><p>\u00a0<\/p><h3>CL\u00c1USULA QUARTA<\/h3><p>Em caso de eventual vazamento ou incidente de seguran\u00e7a envolvendo dados pessoais, a CONTRATADA compromete-se a comunicar o CLIENTE acerca do ocorrido, informando quais dados foram afetados e as provid\u00eancias adotadas.<\/p><p>\u00a0<\/p><h3>CL\u00c1USULA QUINTA<\/h3><p>Rescindido o contrato, os dados pessoais coletados ser\u00e3o armazenados pelo prazo definido na Cl\u00e1usula Terceira. Ap\u00f3s o t\u00e9rmino desse per\u00edodo, a CONTRATADA se compromete a realizar o descarte seguro e definitivo dos dados.<\/p>\t\t\t\t\t\t\t\t<\/div>\n\t\t\t\t\t<\/div>\n\t\t\t\t<\/div>\n\t\t\t\t<\/div>\n\t\t","protected":false},"excerpt":{"rendered":"<p>Pol\u00edtica de Privacidade USE OFFICES COWORKINGCL\u00c1USULAS \u2013 LEI GERAL DE PROTE\u00c7\u00c3O DE DADOS (LGPD) \u00a0 CL\u00c1USULA PRIMEIRA A CONTRATADA, por si, seu procurador e respectivos colaboradores, obrigam-se a atuar no presente contrato em conformidade com a legisla\u00e7\u00e3o vigente sobre prote\u00e7\u00e3o de dados pessoais e as determina\u00e7\u00f5es de \u00f3rg\u00e3os reguladores ou fiscalizadores sobre a mat\u00e9ria, em especial a Lei n\u00ba 13.709\/2018 (Lei Geral de Prote\u00e7\u00e3o de Dados \u2013 LGPD), al\u00e9m das demais normas e pol\u00edticas de prote\u00e7\u00e3o de dados aplic\u00e1veis. \u00a0 CL\u00c1USULA SEGUNDA O CLIENTE, quando aplic\u00e1vel, autoriza a coleta de dados pessoais imprescind\u00edveis \u00e0 execu\u00e7\u00e3o deste contrato, tendo sido informado quanto ao tratamento de dados que ser\u00e1 realizado pela CONTRATADA, nos termos da Lei n\u00ba 13.709\/2018, especificamente quanto a: (i) coleta de dados relacionados \u00e0 sua identifica\u00e7\u00e3o pessoal, bens e rendimentos, com o objetivo de garantir a fiel contrata\u00e7\u00e3o; e (ii) coleta de dados relacionados ao endere\u00e7o do CLIENTE, conforme a necessidade da CONTRATADA. Os dados coletados poder\u00e3o ser compartilhados com autoridades administrativas e judiciais, no \u00e2mbito de suas compet\u00eancias, com base no estrito cumprimento do dever legal, bem como com \u00f3rg\u00e3os de prote\u00e7\u00e3o ao cr\u00e9dito, a fim de garantir a adimpl\u00eancia do CLIENTE. Os dados coletados com base no leg\u00edtimo interesse do CLIENTE, bem como para garantir a fiel execu\u00e7\u00e3o contratual pela CONTRATADA, fundamentam-se no artigo 7\u00ba da LGPD. As finalidades descritas nesta cl\u00e1usula n\u00e3o s\u00e3o exaustivas. A CONTRATADA informa que todos os dados pessoais solicitados e coletados s\u00e3o estritamente necess\u00e1rios para os fins previstos neste contrato. O CLIENTE autoriza o compartilhamento de seus dados, para os fins descritos nesta cl\u00e1usula, com terceiros legitimamente habilitados a defender os interesses da CONTRATADA e do CLIENTE. \u00a0 CL\u00c1USULA TERCEIRA A CONTRATADA manter\u00e1 o acesso aos dados pessoais armazenados pelo per\u00edodo de 5 (cinco) anos, podendo o CLIENTE solicitar, a qualquer tempo, a exclus\u00e3o dos dados previamente coletados mediante consentimento. A exclus\u00e3o dos dados ser\u00e1 efetuada sem preju\u00edzo ao CLIENTE, observada a necessidade legal de guarda de documentos pelo prazo de 5 (cinco) anos contados do t\u00e9rmino do contrato, conforme legisla\u00e7\u00e3o civil. Caso o CLIENTE deseje revogar o consentimento relativo a determinado dado, dever\u00e1 formalizar declara\u00e7\u00e3o espec\u00edfica, ciente de que tal revoga\u00e7\u00e3o poder\u00e1 impactar na presta\u00e7\u00e3o dos servi\u00e7os. O CLIENTE autoriza, neste ato, a guarda de c\u00f3pias de documentos que contenham dados pessoais, para cumprimento de obriga\u00e7\u00e3o legal, nos termos do artigo 16, inciso I, da LGPD. \u00a0 CL\u00c1USULA QUARTA Em caso de eventual vazamento ou incidente de seguran\u00e7a envolvendo dados pessoais, a CONTRATADA compromete-se a comunicar o CLIENTE acerca do ocorrido, informando quais dados foram afetados e as provid\u00eancias adotadas. \u00a0 CL\u00c1USULA QUINTA Rescindido o contrato, os dados pessoais coletados ser\u00e3o armazenados pelo prazo definido na Cl\u00e1usula Terceira. Ap\u00f3s o t\u00e9rmino desse per\u00edodo, a CONTRATADA se compromete a realizar o descarte seguro e definitivo dos dados.<\/p>\n","protected":false},"author":1,"featured_media":0,"parent":0,"menu_order":0,"comment_status":"closed","ping_status":"publish","template":"","meta":{"footnotes":""},"class_list":["post-162","page","type-page","status-publish","hentry"],"_hostinger_reach_plugin_has_subscription_block":false,"_hostinger_reach_plugin_is_elementor":false,"_links":{"self":[{"href":"https:\/\/useoffices.com.br\/novo\/wp-json\/wp\/v2\/pages\/162","targetHints":{"allow":["GET"]}}],"collection":[{"href":"https:\/\/useoffices.com.br\/novo\/wp-json\/wp\/v2\/pages"}],"about":[{"href":"https:\/\/useoffices.com.br\/novo\/wp-json\/wp\/v2\/types\/page"}],"author":[{"embeddable":true,"href":"https:\/\/useoffices.com.br\/novo\/wp-json\/wp\/v2\/users\/1"}],"replies":[{"embeddable":true,"href":"https:\/\/useoffices.com.br\/novo\/wp-json\/wp\/v2\/comments?post=162"}],"version-history":[{"count":3,"href":"https:\/\/useoffices.com.br\/novo\/wp-json\/wp\/v2\/pages\/162\/revisions"}],"predecessor-version":[{"id":1127,"href":"https:\/\/useoffices.com.br\/novo\/wp-json\/wp\/v2\/pages\/162\/revisions\/1127"}],"wp:attachment":[{"href":"https:\/\/useoffices.com.br\/novo\/wp-json\/wp\/v2\/media?parent=162"}],"curies":[{"name":"wp","href":"https:\/\/api.w.org\/{rel}","templated":true}]}}